{"id":15,"date":"2009-10-17T15:28:45","date_gmt":"2009-10-17T13:28:45","guid":{"rendered":"http:\/\/mcontero.webs.upv.es\/?page_id=15"},"modified":"2025-09-01T17:43:56","modified_gmt":"2025-09-01T16:43:56","slug":"students","status":"publish","type":"page","link":"https:\/\/mcontero.webs.upv.es\/?page_id=15","title":{"rendered":"Students"},"content":{"rendered":"\n<div class=\"wp-block-group\"><div class=\"wp-block-group__inner-container is-layout-flow wp-block-group-is-layout-flow\">\n<p><strong>Advising &#8211; Work in Progress<br \/><\/strong><em>PhD Students<\/em><br \/>Ferran Naya, UPV.<br \/>Oscar Cu\u00e9llar, UPV (co-advisor with Mauricio Hincapi\u00e9, Univ. Unversidad EAFIT, Medell\u00edn, Colombia).<br \/>Miguel L\u00f3pez Garrido, UPV.<br \/>Antonio Carretero, UPV.<\/p>\n<p><em>BsC Students<br \/><\/em><em>MsC Students<br \/><\/em><\/p>\n<p><strong>Thesis Completed<br \/><\/strong><em>PhD Theses<\/em><\/p>\n<ol>\n<li>Jos\u00e9 Luis Gonz\u00e1lez Garc\u00eda. Contribution to the multiobjective optimization of facility layout design. UPV, 21\/10\/05 (co-advisor with Antonio Hospitaler).<\/li>\n<li>Jos\u00e9 Luis Saor\u00edn P\u00e9rez. Study of the effect of multimedia technology and sketch based modeling on the development of spatial skills. UPV, 28\/11\/06.<\/li>\n<li>Eduardo Gonz\u00e1lez de Mend\u00edvil. A knowledge management framework to promote design reuse in a collaborative engineering environment using PLM tools. ITESM Monterrey, M\u00e9xico, 15\/05\/08 (co-advisor with David Guerra, ITESM).<\/li>\n<li>Norena Mart\u00edn Dorta. Analysis of use of mobile devices in the development of improvement strategies of spatial skills. UPV, 21\/12\/09 (co-advisor with Jos\u00e9 Luis Saor\u00edn, ULL).<\/li>\n<li>Jorge Mart\u00edn Guti\u00e9rrez. Design and evaluation of didactic contents for the development of spatial skills in the engineering domain. UPV, 29\/03\/10\u00a0(co-advisor with Jos\u00e9 Luis Saor\u00edn, ULL).<\/li>\n<li>Mauricio Hincapi\u00e9. Reconfiguration model using knowledge based engineering systems: a machine tool case study.\u00a0ITESM Monterrey, M\u00e9xico, 7\/12\/11\u00a0(co-advisor with\u00a0Gavid G\u00fcemes,\u00a0ITESM, Monterrey, M\u00e9xico).<\/li>\n<li>Gerardo Alducin. Social annotation as a tool for dynamic capture process of CAD design intent in the context of knowledge based engineering. UPV, 9\/12\/11 \u00a0(co-advisor with David Guerra,\u00a0CIDESI Texas, College Station, USA).<\/li>\n<li>Jorge de la Torre Cantero. Application of advanced graphics technologies as a support in the teaching-learning process of drawing, design and plastic arts.\u00a0UPV, 31\/10\/13 (co-advisor with Jos\u00e9 Luis Saor\u00edn, DEHAES\/ULL).<\/li>\n<li>Jorge Dorribo Camba. Annotation mechanisms to manage design knowledge in complex parametric models and their effects on alteration and reusability. UPV, 28\/11\/14.<\/li>\n<li>Gustavo Salvador Herranz. Design and implementation of distributed spaces for collaborative learning using large interactive surface and tangible elements. UPV, 5\/2\/16 (co-advisor with Mariano Alca\u00f1iz, UPV).<\/li>\n<li>Juan Carlos Rojas. Contribution to the emotional evaluation in product design by integrating eye tracking technology, semantic differential and evoked potentials (ERPs). UPV, 16\/5\/16 (co-advisor with Margarita Vergara, UJI).<\/li>\n<li>Jeffrey Otey. A contribution to conveying quality criteria in mechanical CAD models and assemblies through rubrics and comprehensive design intent quantification. UPV, 14\/12\/17 (co-advisor with Pedro Company, UJI).<\/li>\n<li>Jos\u00e9 Lu\u00eds Soler. Influence of interaction design on the user experience in learning environments in Virtual Reality: a study focused on navigation metaphors. UPV, 28\/7\/20 (co-advisor with Mariano Alca\u00f1iz, LENI\/UPV).<\/li>\n<li>Elena Olmos. Immersive technologies and psychophysiological measures for the evaluation and training of children with Autism Spectrum Disorder. UPV, 31\/3\/21 (co-advisor with Antonia Cascales, Universidad de Murcia).<\/li>\n<li>Enric Torres.\u00a0 Analysis and proposal to improve the teaching of technology in Compulsory Secondary Education and Baccalaureate: an approach from project-based learning (PBL) and the interdisciplinarity of STEM areas. UPV, 28\/9\/23 (co-advisor with Manuel Mart\u00ednez Tor\u00e1n, UPV).<\/li>\n<li>Almudena Palacios. Mixed Realities and product perception: Experimental analysis of the relationship between visual quality and interaction, and the user&#8217;s emotional and perceptual response. UPV 17\/10\/23 (co-advisor with Jorge D. Camba, Purdue University).<\/li>\n<li>Janaina Ferreira Cavalcanti. A neuroeducational approach to the integration of virtual reality technologies in the development of serious games: A case study in the field of safety and occupational risk prevention. UPV, 18\/1\/24 (co-advisor with David Fonseca, Ramon Llull Univ.).<\/li>\n<\/ol>\n<p><em>MSc Theses<\/em><\/p>\n<ol>\n<li>Miguel Gil Beltr\u00e1n. Virtual reality and internet. UJI-ESTCE, 24\/07\/1997.<\/li>\n<li>Rafael Gim\u00e9nez Garc\u00eda. Virtual model of an automotive radiator. UJI-ESTCE, 20\/12\/1999.<\/li>\n<li>Javier Amat C\u00f3zar. Virtual model of an automotive radiator. UJI-ESTCE, 20\/12\/1999.<\/li>\n<li>Ruth Le\u00f3n Saravia. Design and manufacturing process for a mechanical drag toy. UJI-UTEM Chile, 1999.<\/li>\n<li>Arturo Lereu Panach. Surface modeling analysis of complex parts in automotive radiators. UJI-ESTCE, 01\/09\/2000.<\/li>\n<li>Miguel Poquet Ferrer. Built-in down light design by means of parametric modeling tools. ETSII-UPV, 17\/05\/2001.<\/li>\n<li>David Miguel Mart\u00edn. Development of a software application for hydrostatic stability analysis applied to the design, characterization and optimization of a floating object modelled by means of a 3D CAD system. ETSII-UPV, 29\/06\/2001.<\/li>\n<li>Pedro Jos\u00e9 Rodr\u00edguez Mart\u00ednez. Design and implementation of a methodology for the management of the design process by means of PDM systems. ETSII-UPV, 01\/03\/2002.<\/li>\n<li>Guillermo Bruixola Casani. \u00a0Electric wheelchair to surpass architectural barriers. ETSII-UPV 28\/02\/2003.<\/li>\n<li>Fernando Chust Piles. Modelling of the design process and definition of a coding system for the implementation of a PDM system in the furniture industry. ETSII-UPV, 26\/09\/2003.<\/li>\n<li>J\u00fcrgen Klaus Riquelme Kolb. \u00a0Aerodynamics study on the recirculation of exhaust gases in a diesel locomotive. ETSII-UPV, 30\/09\/2004.<\/li>\n<li>Rafael Casquel del Campo. Application of rapid prototyping techniques in the new product development process. ETSII-UPV, 30\/09\/2004.<\/li>\n<li>Juan Antonio Herv\u00e1s Presencia. Design of an automatic system for the selection of small elements. Application to canned mandarin segments. ETSII-UPV, 26\/07\/2005.<\/li>\n<li>Francisco Pay\u00e1 Gisbert. \u00a0Off-line programming\u00a0environment\u00a0for machining centers with Pro\/ENGINEER Wildfire. ETSII-UPV, 28\/04\/2006.<\/li>\n<li>Miguel Poquet Ferrer. Design of a \u00a0palletizer for the citrus processing industry. ETSII-UPV, 26\/05\/2006.<\/li>\n<li>Sergio Miguel Mart\u00edn. \u00a0Accessible game system for children&#8217;s playgrounds in the open air. ETSII-UPV, 29\/09\/2006.<\/li>\n<li>Hector Soler Aldeguer. Accessible urban waste container. ETSII-UPV, 22\/12\/2006.<\/li>\n<li>Jes\u00fas Mart\u00ed Palop. \u00a0Definition and implementation of knowledge management methodologies in the automotive sector. Faurecia- ETSII-UPV, 27\/09\/2007.<\/li>\n<li>Francisco Daniel Moreno Nieto. \u00a0Design of an\u00a0accessible\u00a0automated\u00a0teller machine. ETSID-UPV, 17\/12\/2008.<\/li>\n<li>Gerardo Alducin Quintero M\u00e1rmol. Definition of best practices for product digital modeling in CAM simulation. ETSID-UPV, 22\/12\/2008.<\/li>\n<li>Roberto Ram\u00f3n Mart\u00ednez. Transfer mechanical system for wheelchairs. ETSII-UPV, 25\/09\/2009.<\/li>\n<li>Pascual David Perona Ruiz. \u00a0Reverse engineering and augmented reality techniques in the product design process. ETSII-UPV, 27\/11\/2009.<\/li>\n<li>Enric Torres Barchino. Methodologies of design and interaction with users. \u00a0A case study in a railway transport firm. ETSID-UPV 10\/02\/10.<\/li>\n<li>Manuel Bautista C\u00edscar. Redesign of a planetary gearbox for a turbo-propulsion turbine. ETSII-UPV, 26\/7\/2010.<\/li>\n<li>Jose Jorge Dom\u00ednguez. Calculation, optimization and mechanical behaviour of a bike frame. ETSII-UPV, 26\/7\/2010.<\/li>\n<li>Paola Folch. Biomechanical analysis of the upper limb in patients with Friedreich&#8217;s ataxia. ETSII-UPV, 24\/9\/2010.<\/li>\n<li>Manuel Navarro Pay\u00e1. Design of a vertical refrigerated display for the hospitality industry.\u00a0ETSII-UPV, 31\/3\/2011.<\/li>\n<li>Jorge Castro. Development of a\u00a0security cable for the wheels of a Formula 1 car. ETSII-UPV, 26\/7\/2011.<\/li>\n<li>Paola Cerd\u00e1, SHADE&amp;AIR, design and development of a sunshade-fan.\u00a0ETSID-UPV, 19\/9\/2011.<\/li>\n<li>Carlos Bernal. Design and development of a monoblock wheel. ETSID-UPV,\u00a011\/11\/2011.<\/li>\n<li>Carlos Linares. Design of a variable volume container for liquids and a fresh food osmotic dehydrator.\u00a0\u00a0ETSII-UPV, 26\/10\/2012.<\/li>\n<li>Juan Miguel Peir\u00f3. \u00a0Design of the support system for an optoelectronic device in weather avionics. ETSII-UPV, 30\/11\/2012.<\/li>\n<li>Alejandro Send\u00f3n. Development of an alert management system to improve production processes: application to the Ford Spain assembly plant.\u00a0ETSII-UPV, 30\/5\/2013.<\/li>\n<li>Miguel Exp\u00f3sito. Application of eye tracking technology and semantic differential to the evaluation of ceramic floorings. ETSII-UPV, 25\/7\/2014.<\/li>\n<li>Arnau Almi\u00f1ana.\u00a0Implementation of a dynamic rubric system for the assessment of parametric CAD models\u2019 quality. ETSII-UPV,\u00a029\/07\/2015<\/li>\n<li>Alberto L\u00f3pez Guillot. Design of a food display case.\u00a0ETSII-UPV,\u00a029\/07\/2015.<\/li>\n<li>Sandra Gil.\u00a0Application of eye-tracking technology and semantic differential for assessing user perception. Case study on the design of packaging for healthy food products. ETSII-UPV,\u00a025\/09\/2015.<\/li>\n<li>Sergio Bochons. Design and development of a test system for electronic products. ETSII-UPV, 30\/10\/2015.<\/li>\n<li>Ana Cosin.\u00a0Improvement of the reusability of parametric CAD \u00a0models by advanced modeling methodologies: A case study on automotive parts. ETSII-UPV, 21\/12\/2015.<\/li>\n<li>Jos\u00e9 Manuel Mart\u00ed. Launch process design of a foldable bike helmet by means of a market survey: competitor analysis and tactical marketing techniques. ETSII-UPV, 26\/2\/2016.<\/li>\n<li>Borja Sanfelix. Design of an electric bycicle for a public renting fleet of bycicles. ETSII-UPV, 23\/3\/2016.<\/li>\n<li>Noem\u00ed Bartomeu.\u00a0Application of &#8220;eye -tracking &#8221; technology for the comparison of virtual models and real products. ETSII-UPV, 30\/6\/2016.<\/li>\n<li>Fernando Mart\u00ednez \u00c1lvaro.\u00a0Design of a wheel suspension axle for a marketing purposes vehicle. ETSII-UPV, 30\/6\/2016.<\/li>\n<li>Eva Garc\u00eda Gonz\u00e1lez. Application of event related potentials and semantic differentials for evaluating user perception. Case study on packaging design for healthy food products. ETSII-UPV 28\/7\/2016.<\/li>\n<li>Llu\u00eds G\u00f3mez. Contribution to the development and market launch of a foldable bicycle helmet of new generation. ETSII-UPV 30\/9\/2016.<\/li>\n<li>Mariluz Narv\u00e1ez. Application of eye-tracking technology and semantic differential \u00a0to the evaluation of user perception. Case study on the design of beer packaging.\u00a0ETSII-UPV 30\/9\/2016.<\/li>\n<li>Francisco Bayona.\u00a0Design of a welding tool for joining two automotive\u00a0parts.\u00a0ETSII-UPV 30\/9\/2016.<\/li>\n<li>Francisco Javier Dom\u00ednguez. \u00a0Study of convergence and correlation in crash simulations with LS-DYNA for the design of an anticlimber system of a locomotive. ETSII-UPV 10\/7\/2017.<\/li>\n<li>H\u00e9ctor Robledo. Creative destruction in vehicle interiors: development of a world class concept demonstrator. ETSII-UPV 25\/7\/2017.<\/li>\n<li>Telmo S\u00e1nchez. Redesign of an automatic industrial juicer to minimize the cleaning times. ETSII-UPV 28\/7\/2017.<\/li>\n<li>Victor Garc\u00eda Llobregat. Virtual design of various coupling elements for the maintenance of automobile parts. ETSII-UPV 28\/9\/2017.<\/li>\n<li>Cristina Bermejo. Study of executive functions and their ecological validity in real life: augmented reality (AR) vs. virtual reality (VR) using explicit (questionnaires) and implied (behavioral and physiological) measures. ETSII-UPV 26\/9\/2018.<\/li>\n<li>Andrea P\u00e9rez Medina. Analysis of the influence of the presentation of a product on the user&#8217;s perception. ETSII-UPV 23\/3\/2020.<\/li>\n<li>Gorka L\u00f3pez. Analysis and proposals to improve the design and manufacture of an automated ambu using D.I.Y. technologies and collaborative engineering. ETSII-UPV 25\/5\/2020.<\/li>\n<li>Diego P\u00e9rez Bosc\u00e1. Design and manufacture of an inductor for the heat treatment of a wheel hub. ETSID-UPV\u00a0 22\/9\/2020.<\/li>\n<li>Javier Sanchis.\u00a0 Design and evaluation of an advanced interaction system for the conceptual design of mechanical components in a virtual reality environment. ETSII 11\/12\/2020.<\/li>\n<li>Daniel Montesinos. Analysis of cybersecurity weaknesses of charging towers for electric cars and proposal for the design of corrective measures. ETSII 11\/12\/2020.<\/li>\n<li>Joaqu\u00edn Blasco. Analysis of the influence of product presentation on user perception: case study on chairs. ETSII 21\/9\/2021.<\/li>\n<li>Francesc Ochando. Analysis of the influence of product presentation on user perception: case study on coffe makers. ETSII 29\/9\/2021.<\/li>\n<li>R\u00e1ul Navarro. Analysis of the influence of product presentation on user perception: case study on chairs from a design contest. ETSII 29\/9\/2021.<\/li>\n<li>Simon Pirault. Analysis of the influence of product presentation on user perception: case study on desktop phones. ETSII 30\/9\/2021.<\/li>\n<li>Jaime Sotos. Design and development of a prototype of augmented reality glasses controlled with arduino. ETSII 23\/9\/2022.<\/li>\n<li>Iv\u00e1n Costas. Development of procedures for the use of manufacturing operations in virtual reality environments for the railway transportation sector. ETSII 27\/9\/2022.<\/li>\n<li>Mario Arce. Study of the impact of the modeling methodology on the reusability of parametric CAD models. Case study with the Solidworks CAD System. ETSID 12\/9\/2023.<\/li>\n<li>Jonathan Mart\u00edn. Study of the impact of the modeling methodology on the reusability of parametric CAD models. Case study with the Siemens NX CAD system. ETSID 12\/9\/2023.<\/li>\n<li>Noelia Cancela. Analysis of emotion recognition during the evaluation of a virtual prototype of a product in a virtual reality environment. ETSII 25\/9\/2023.<\/li>\n<li>Fatine Sordo. Integration of artificial intelligence in architectural graphic expression. ETSA 29\/9\/2023.<\/li>\n<li>Victoria Mart\u00ednez Lucas. Design and development of a manual and foldable menstrual cup cleaner<br \/>ETSIADI 27\/7\/2024.<\/li>\n<li>Roberto Belinch\u00f3n.\u00a0 Design and technical development for the manufacture of a water slide in composite material. ETSIADI 10\/9\/2024.<\/li>\n<li>Luc\u00eda Fuentes Payo. The concept of parent\/child relationship in commercial parametric CAD systems: experimental study on the structure of interdependencies between modeling functions. ETSIADI 27\/9\/2024.\n<p>\u00a0<\/p>\n<\/li>\n<\/ol>\n<p><em>BEng thesis<\/em><\/p>\n<ol>\n<li>Alberto Garc\u00eda Naixes. Application of event related potentials for evaluating consumer products. Case study on design style coherence. ETSII-UPV 14\/9\/2016.<\/li>\n<li>Guillermo Navarro. Design and manufacture of an adjustable Google Cardboard viewer using reverse engineering techniques and 3D printing. ETSII-UPV 12\/7\/2018.<\/li>\n<li>Irene Mangas. Design and implementation of an automatic inventory control system in a warehouse based on minidrones. ETSII-UPV 14\/9\/2018.<\/li>\n<li>Juan Mar\u00eda L\u00e1zaro Miguel-Sin. Analysis of the feasibility of the use of augmented reality technologies in the context of Industry 4.0: case study in the railway industry. ETSID-UPV 10\/9\/2020.<\/li>\n<li>Santiago Castellet. Analysis of the influence of the medium on the subjective impressions of virtual prototypes through the use of eye-tracking and the semantic differential technique. ETSII-UPV 10\/7\/2023.<\/li>\n<li>Ricardo Jim\u00e9nez. Cabin redesign due to safety requirements with gauge restrictions. ETSII-UPV 10\/6\/2025.<\/li>\n<li>M\u00e1ssimo Benito. Analysis of the influence of observation time on product evaluation in a virtual reality environment. ETSII-UPV 8\/7\/2025<\/li>\n<\/ol>\n<\/div><\/div>\n\n\n\n<p><\/p>\n","protected":false},"excerpt":{"rendered":"<p>Advising &#8211; Work in ProgressPhD StudentsFerran Naya, UPV.Oscar Cu\u00e9llar, UPV (co-advisor with Mauricio Hincapi\u00e9, Univ. Unversidad EAFIT, Medell\u00edn, Colombia).Miguel L\u00f3pez Garrido, UPV.Antonio Carretero, UPV. BsC StudentsMsC Students Thesis CompletedPhD Theses Jos\u00e9 Luis Gonz\u00e1lez Garc\u00eda. {&#8230;}<\/p>\n","protected":false},"author":2,"featured_media":0,"parent":0,"menu_order":0,"comment_status":"closed","ping_status":"closed","template":"","meta":{"footnotes":""},"class_list":["post-15","page","type-page","status-publish","hentry"],"_links":{"self":[{"href":"https:\/\/mcontero.webs.upv.es\/index.php?rest_route=\/wp\/v2\/pages\/15","targetHints":{"allow":["GET"]}}],"collection":[{"href":"https:\/\/mcontero.webs.upv.es\/index.php?rest_route=\/wp\/v2\/pages"}],"about":[{"href":"https:\/\/mcontero.webs.upv.es\/index.php?rest_route=\/wp\/v2\/types\/page"}],"author":[{"embeddable":true,"href":"https:\/\/mcontero.webs.upv.es\/index.php?rest_route=\/wp\/v2\/users\/2"}],"replies":[{"embeddable":true,"href":"https:\/\/mcontero.webs.upv.es\/index.php?rest_route=%2Fwp%2Fv2%2Fcomments&post=15"}],"version-history":[{"count":171,"href":"https:\/\/mcontero.webs.upv.es\/index.php?rest_route=\/wp\/v2\/pages\/15\/revisions"}],"predecessor-version":[{"id":513,"href":"https:\/\/mcontero.webs.upv.es\/index.php?rest_route=\/wp\/v2\/pages\/15\/revisions\/513"}],"wp:attachment":[{"href":"https:\/\/mcontero.webs.upv.es\/index.php?rest_route=%2Fwp%2Fv2%2Fmedia&parent=15"}],"curies":[{"name":"wp","href":"https:\/\/api.w.org\/{rel}","templated":true}]}}